{"id":11693,"date":"2022-05-22T17:32:51","date_gmt":"2022-05-22T17:32:51","guid":{"rendered":"https:\/\/vbc.wpgmedia.it\/privacy-legal-info\/"},"modified":"2022-05-22T17:43:53","modified_gmt":"2022-05-22T17:43:53","slug":"privacy-cookie-info","status":"publish","type":"page","link":"https:\/\/vonburencontemporary.com\/it\/privacy-cookie-info\/","title":{"rendered":"Privacy &#038; Cookie Info"},"content":{"rendered":"<div class=\"_3K7uv\">\n<div id=\"Containerwu8ep\" class=\"_1KV2M\">\n<div class=\"\" data-mesh-id=\"Containerwu8epinlineContent\" data-testid=\"inline-content\">\n<div data-mesh-id=\"Containerwu8epinlineContent-gridContainer\" data-testid=\"mesh-container-content\">\n<div id=\"comp-k2m52w32\" class=\"_1Q9if\" data-testid=\"richTextElement\">\n<h1>Privacy &amp; Legal Info<\/h1>\n<p>La presente informativa viene resa in ossequio all\u2019art. 13 del Regolamento 2016\/679 (GDPR), ai sensi dell\u2019art. 13 del d.lgs. n. 196\/2003 (Codice in materia di protezione dei dati personali) ed \u00e8 relativa a tutti i dati personali trattati secondo le modalit\u00e0 di seguito indicate.<\/p>\n<p>&nbsp;<\/p>\n<h2>IL TITOLARE DEL TRATTAMENTO<\/h2>\n<p>Il Titolare del trattamento dei dati personali raccolti \u00e8 Michele von B\u00fcren, RvB Arts, Via Giulia 13, 00186 Roma, Italia www.vonburencontemporary.com <a href=\"mailto:info@vonburencontemporary.com\" target=\"_blank\" rel=\"noopener\">info@vonburencontemporary.com<\/a><\/p>\n<p>I dati di natura personale forniti potranno essere comunicati a destinatari opportunamente nominati che tratteranno i dati in qualit\u00e0 di responsabili per il trattamento e\/o in qualit\u00e0 di incaricati, al fine di ottemperare ai contratti o finalit\u00e0 connesse.<\/p>\n<p>L\u2019elenco completo dei responsabili del trattamento e degli incaricati al trattamento dei dati personali pu\u00f2 essere richiesto inviando apposita richiesta all\u2019indirizzo mail info@rvbarts.com<\/p>\n<p>\u200b<\/p>\n<h2>TRASFERIMENTO DEI DATI<\/h2>\n<p>Nel caso in cui i dati personali siano trasferiti al di fuori dell\u2019Unione Europea, per finalit\u00e0 di carattere tecnico operativo e per garantire un\u2019elevata continuit\u00e0 del servizio, il Titolare assicura che il trasferimento sia fondato su una decisione di adeguatezza della Commissione, al fine di assicurare che il livello di protezione delle persone fisiche garantito dalla normativa vigente e in particolare dal Regolamento UE 2016\/679 non sia pregiudicato.<\/p>\n<p>&nbsp;<\/p>\n<h2>DATI RACCOLTI<\/h2>\n<p>I dati personali trattati sono raccolti in quanto forniti direttamente dall\u2019interessato o raccolti automaticamente.<\/p>\n<p>I dati forniti direttamente dall\u2019interessato sono tutti i dati personali che siano forniti al Titolare del Trattamento con qualsiasi modalit\u00e0, direttamente dall\u2019interessato.<\/p>\n<p>I dati raccolti automaticamente sono i dati di navigazione. Tali dati, pur non essendo raccolti al fine di essere associati all\u2019identit\u00e0 dell\u2019utente, potrebbero indirettamente, mediante elaborazione e associazioni con dati raccolti dal Titolare, consentire la sua identificazione.<\/p>\n<p>In seguito all\u2019invio di newsletter, la piattaforma utilizzata consente di rilevare l\u2019apertura di un messaggio e i clic effettuati all\u2019interno della newsletter stessa, unitamente a dettagli relativi all\u2019ip e al browser\/device utilizzati. La raccolta di questi dati \u00e8 fondamentale per il funzionamento dei sistemi di rinnovo implicito del trattamento (vedi la voce Modalit\u00e0 del Trattamento) e parte integrante dell\u2019operativit\u00e0 della piattaforma di invio.<\/p>\n<p>\u200b<\/p>\n<h2>FINALIT\u00c0 DEL TRATTAMENTO<\/h2>\n<p>Il conferimento dei dati per le finalit\u00e0 di invio newsletter per scopi promozionali, commerciali informativi o di ricerca \u00e8 facoltativo ed il rifiuto a prestare il relativo consenso al Trattamento dar\u00e0 luogo all\u2019impossibilit\u00e0 di essere aggiornati circa iniziative commerciali e\/o campagne promozionali, di ricevere offerte o altro materiale promozionale.<\/p>\n<p>\u200b<\/p>\n<h2>REVOCA DEL CONSENSO<\/h2>\n<p>L\u2019interessato pu\u00f2 revocare il proprio consenso alla ricezione di comunicazioni promozionali e commerciali immediatamente, inviando richiesta all\u2019indirizzo mail info@rvbarts.com oppure cliccando sull\u2019apposito link di disiscrizione che potr\u00e0 trovare nel footer di ogni mail promozionale e commerciale ricevuta.<\/p>\n<p>\u200b<\/p>\n<h2>DESTINATARI<\/h2>\n<p>I dati di natura personale forniti potranno essere comunicati a destinatari opportunamente nominati che tratteranno i dati in qualit\u00e0 di responsabili per il trattamento e\/o in qualit\u00e0 di incaricati.<\/p>\n<p>Il Titolare del trattamento non comunica a terzi nessuna delle informazioni degli interessati senza il loro consenso, salvo ove richiesto dalla legge. \u00c8 in ogni caso esclusa la diffusione dei dati personali trattati. L\u2019elenco completo dei responsabili del trattamento, dei contitolari e degli incaricati al trattamento dei dati personali pu\u00f2 essere richiesto inviando apposita richiesta all\u2019indirizzo mail info@rvbarts.com<\/p>\n<p>\u200b<\/p>\n<h2>MODALIT\u00c0 DEL TRATTAMENTO<\/h2>\n<p>I dati personali sono trattati con strumenti automatizzati per il tempo strettamente necessario a conseguire gli scopi per cui sono stati raccolti, prevedendo in ogni caso la verifica annuale dei dati conservati al fine di cancellare quelli ritenuti obsoleti, salvo che la legge non preveda obblighi di archiviazione.<\/p>\n<p>Il trattamento dei dati avviene di norma presso la sede del Titolare, da personale o collaboratori esterni debitamente designati quali responsabili del trattamento. L\u2019elenco completo dei responsabili del trattamento e degli Incaricati al trattamento dei dati personali pu\u00f2 essere richiesto inviando apposita richiesta all\u2019indirizzo mail info@rvbarts.com .<\/p>\n<p>Specifiche misure di sicurezza sono osservate per prevenire la perdita dei dati, usi illeciti o non corretti ed accessi non autorizzati.<\/p>\n<p>L\u2019iscrizione e il trattamento relativo sono ritenuti validi fino alla disiscrizione da parte dell\u2019utente, presente in ogni email, oppure dopo 12 mesi dall\u2019ultima comunicazione di cui abbia evidenza di interazione diretta (click, apertura, risposta).<\/p>\n<p>\u200b<\/p>\n<h2>DIRITTI DELL\u2019INTERESSATO<\/h2>\n<p>Ai sensi degli artt. 15 \u2013 21 del Regolamento UE 2016\/679 a ciascun interessato vengono riconosciuti una serie di diritti.<\/p>\n<p>Diritto di Accesso: l\u2019interessato, ai sensi dell\u2019art. 15, ha diritto di ottenere la conferma che sia in corso un trattamento di dati personali che lo riguardano e, se del caso, di ottenerne copia. Ha inoltre il diritto di ottenere l\u2019accesso ai dati personali che lo riguardano e a ulteriori informazioni quali la finalit\u00e0 del trattamento, le categorie di destinatari, il periodo di conservazione dei dati e i diritti esercitabili.<\/p>\n<p>Diritto di rettifica: l\u2019interessato, ai sensi dell\u2019art. 16, ha diritto di ottenere la rettifica dei dati personali inesatti che lo riguardano o l\u2019integrazione degli stessi.<\/p>\n<p>Diritto alla cancellazione: l\u2019interessato ha diritto di ottenere la cancellazione dei dati personali che lo riguardano, senza ingiustificato ritardo, qualora sussista una dei motivi previsti dall\u2019art. 17.<\/p>\n<p>Diritto di limitazione di trattamento: l\u2019interessato ha diritto, nei casi previsti dall\u2019art 18 del Regolamento 2016\/679, di ottenere la limitazione del trattamento.<\/p>\n<p>Diritto alla portabilit\u00e0 dei dati: l\u2019interessato ha diritto di ricevere in un formato strutturato, di uso comune e leggibile da dispositivo automatico, i dati personali che lo riguardano e ha il diritto di trasmettere tali dati a un altro titolare senza impedimento, secondo quanto previsto dall\u2019art. 20 del Regolamento 2016\/679;<\/p>\n<p>Diritto di opposizione al trattamento: l\u2019interessato ha diritto di opporsi al trattamento dei dati personali che lo riguardano secondo quanto previsto dall\u2019art. 21 del Regolamento 2016\/679.<\/p>\n<p>L\u2019interessato ha altres\u00ec diritto di proporre reclamo all\u2019Autorit\u00e0 di controllo competente, il Garante della Privacy.<\/p>\n<p>Le richieste di cui ai punti precedenti dovranno essere rivolte per iscritto al Titolare del trattamento. Il Titolare del trattamento provveder\u00e0, nei limiti temporali stabiliti dalla vigente normativa, a fornire tempestiva risposta alle richieste di esercizio dei diritti degli interessati.<\/p>\n<p>Ogni delucidazione o richiesta di chiarimenti pu\u00f2 essere rivolta per iscritto al Titolare del trattamento.<\/p>\n<p>\u200b<\/p>\n<h2>AGGIORNAMENTI E MODIFICHE<\/h2>\n<p>Il Titolare del trattamento si riserva il diritto di modificare, integrare o aggiornare periodicamente la presente Informativa in ossequio alla normativa applicabile o ai provvedimenti adottati dal Garante per la Protezione dei dati personali.<\/p>\n<p>Le suddette modifiche o integrazioni saranno portate a conoscenza degli interessati. Invitiamo gli utenti a prendere visione della Privacy Policy con regolarit\u00e0, per verificare l\u2019Informativa aggiornata e decidere se continuare o meno ad usufruire dei servizi offerti.<\/p>\n<h2>\u200b<br \/>\nINFORMAZIONI DI CONTATTO<\/h2>\n<p>Il sito www.vonburencontemporary.com \u00e8 di propriet\u00e0 e gestito da:<br \/>\nMichele von B\u00fcren<br \/>\nVia Giulia 13<br \/>\n00186, Roma<br \/>\nItalia<\/p>\n<\/div>\n<\/div>\n<\/div>\n<\/div>\n<\/div>\n","protected":false},"excerpt":{"rendered":"<p>Privacy &amp; Legal Info La presente informativa viene resa in ossequio all\u2019art. 13 del Regolamento 2016\/679 (GDPR), ai sensi dell\u2019art. 13 del d.lgs. n. 196\/2003 (Codice in materia di protezione&#8230;<\/p>\n","protected":false},"author":2,"featured_media":0,"parent":0,"menu_order":0,"comment_status":"closed","ping_status":"closed","template":"","meta":{"footnotes":""},"class_list":["post-11693","page","type-page","status-publish"],"yoast_head":"<!-- This site is optimized with the Yoast SEO plugin v27.3 - https:\/\/yoast.com\/product\/yoast-seo-wordpress\/ -->\n<title>Privacy &amp; Cookie Info | Von Buren Contemporary<\/title>\n<meta name=\"robots\" content=\"index, follow, max-snippet:-1, max-image-preview:large, max-video-preview:-1\" \/>\n<link rel=\"canonical\" href=\"https:\/\/vonburencontemporary.com\/it\/privacy-cookie-info\/\" \/>\n<meta property=\"og:locale\" content=\"it_IT\" \/>\n<meta property=\"og:type\" content=\"article\" \/>\n<meta property=\"og:title\" content=\"Privacy &amp; Cookie Info | Von Buren Contemporary\" \/>\n<meta property=\"og:description\" content=\"Privacy &amp; Legal Info La presente informativa viene resa in ossequio all\u2019art. 13 del Regolamento 2016\/679 (GDPR), ai sensi dell\u2019art. 13 del d.lgs. n. 196\/2003 (Codice in materia di protezione...\" \/>\n<meta property=\"og:url\" content=\"https:\/\/vonburencontemporary.com\/it\/privacy-cookie-info\/\" \/>\n<meta property=\"og:site_name\" content=\"Von Buren Contemporary\" \/>\n<meta property=\"article:modified_time\" content=\"2022-05-22T17:43:53+00:00\" \/>\n<meta property=\"og:image\" content=\"https:\/\/vonburencontemporary.com\/wp-content\/uploads\/2023\/06\/20230601_172224-copia-scaled.jpg\" \/>\n\t<meta property=\"og:image:width\" content=\"2560\" \/>\n\t<meta property=\"og:image:height\" content=\"1440\" \/>\n\t<meta property=\"og:image:type\" content=\"image\/jpeg\" \/>\n<meta name=\"twitter:card\" content=\"summary_large_image\" \/>\n<meta name=\"twitter:label1\" content=\"Tempo di lettura stimato\" \/>\n\t<meta name=\"twitter:data1\" content=\"5 minuti\" \/>\n<script type=\"application\/ld+json\" class=\"yoast-schema-graph\">{\"@context\":\"https:\\\/\\\/schema.org\",\"@graph\":[{\"@type\":\"WebPage\",\"@id\":\"https:\\\/\\\/vonburencontemporary.com\\\/it\\\/privacy-cookie-info\\\/\",\"url\":\"https:\\\/\\\/vonburencontemporary.com\\\/it\\\/privacy-cookie-info\\\/\",\"name\":\"Privacy & Cookie Info | Von Buren Contemporary\",\"isPartOf\":{\"@id\":\"https:\\\/\\\/vonburencontemporary.com\\\/it\\\/#website\"},\"datePublished\":\"2022-05-22T17:32:51+00:00\",\"dateModified\":\"2022-05-22T17:43:53+00:00\",\"breadcrumb\":{\"@id\":\"https:\\\/\\\/vonburencontemporary.com\\\/it\\\/privacy-cookie-info\\\/#breadcrumb\"},\"inLanguage\":\"it-IT\",\"potentialAction\":[{\"@type\":\"ReadAction\",\"target\":[\"https:\\\/\\\/vonburencontemporary.com\\\/it\\\/privacy-cookie-info\\\/\"]}]},{\"@type\":\"BreadcrumbList\",\"@id\":\"https:\\\/\\\/vonburencontemporary.com\\\/it\\\/privacy-cookie-info\\\/#breadcrumb\",\"itemListElement\":[{\"@type\":\"ListItem\",\"position\":1,\"name\":\"Home\",\"item\":\"https:\\\/\\\/vonburencontemporary.com\\\/it\\\/\"},{\"@type\":\"ListItem\",\"position\":2,\"name\":\"Privacy &#038; Cookie Info\"}]},{\"@type\":\"WebSite\",\"@id\":\"https:\\\/\\\/vonburencontemporary.com\\\/it\\\/#website\",\"url\":\"https:\\\/\\\/vonburencontemporary.com\\\/it\\\/\",\"name\":\"Von Buren Contemporary\",\"description\":\"\",\"publisher\":{\"@id\":\"https:\\\/\\\/vonburencontemporary.com\\\/it\\\/#organization\"},\"potentialAction\":[{\"@type\":\"SearchAction\",\"target\":{\"@type\":\"EntryPoint\",\"urlTemplate\":\"https:\\\/\\\/vonburencontemporary.com\\\/it\\\/?s={search_term_string}\"},\"query-input\":{\"@type\":\"PropertyValueSpecification\",\"valueRequired\":true,\"valueName\":\"search_term_string\"}}],\"inLanguage\":\"it-IT\"},{\"@type\":\"Organization\",\"@id\":\"https:\\\/\\\/vonburencontemporary.com\\\/it\\\/#organization\",\"name\":\"Von Buren Contemporary\",\"url\":\"https:\\\/\\\/vonburencontemporary.com\\\/it\\\/\",\"logo\":{\"@type\":\"ImageObject\",\"inLanguage\":\"it-IT\",\"@id\":\"https:\\\/\\\/vonburencontemporary.com\\\/it\\\/#\\\/schema\\\/logo\\\/image\\\/\",\"url\":\"https:\\\/\\\/vonburencontemporary.com\\\/wp-content\\\/uploads\\\/2022\\\/03\\\/VBC-Logo-Colour.png\",\"contentUrl\":\"https:\\\/\\\/vonburencontemporary.com\\\/wp-content\\\/uploads\\\/2022\\\/03\\\/VBC-Logo-Colour.png\",\"width\":222,\"height\":216,\"caption\":\"Von Buren Contemporary\"},\"image\":{\"@id\":\"https:\\\/\\\/vonburencontemporary.com\\\/it\\\/#\\\/schema\\\/logo\\\/image\\\/\"},\"sameAs\":[\"https:\\\/\\\/www.instagram.com\\\/vonburen.contemporary\\\/\"]}]}<\/script>\n<!-- \/ Yoast SEO plugin. -->","yoast_head_json":{"title":"Privacy & Cookie Info | Von Buren Contemporary","robots":{"index":"index","follow":"follow","max-snippet":"max-snippet:-1","max-image-preview":"max-image-preview:large","max-video-preview":"max-video-preview:-1"},"canonical":"https:\/\/vonburencontemporary.com\/it\/privacy-cookie-info\/","og_locale":"it_IT","og_type":"article","og_title":"Privacy & Cookie Info | Von Buren Contemporary","og_description":"Privacy &amp; Legal Info La presente informativa viene resa in ossequio all\u2019art. 13 del Regolamento 2016\/679 (GDPR), ai sensi dell\u2019art. 13 del d.lgs. n. 196\/2003 (Codice in materia di protezione...","og_url":"https:\/\/vonburencontemporary.com\/it\/privacy-cookie-info\/","og_site_name":"Von Buren Contemporary","article_modified_time":"2022-05-22T17:43:53+00:00","og_image":[{"width":2560,"height":1440,"url":"https:\/\/vonburencontemporary.com\/wp-content\/uploads\/2023\/06\/20230601_172224-copia-scaled.jpg","type":"image\/jpeg"}],"twitter_card":"summary_large_image","twitter_misc":{"Tempo di lettura stimato":"5 minuti"},"schema":{"@context":"https:\/\/schema.org","@graph":[{"@type":"WebPage","@id":"https:\/\/vonburencontemporary.com\/it\/privacy-cookie-info\/","url":"https:\/\/vonburencontemporary.com\/it\/privacy-cookie-info\/","name":"Privacy & Cookie Info | Von Buren Contemporary","isPartOf":{"@id":"https:\/\/vonburencontemporary.com\/it\/#website"},"datePublished":"2022-05-22T17:32:51+00:00","dateModified":"2022-05-22T17:43:53+00:00","breadcrumb":{"@id":"https:\/\/vonburencontemporary.com\/it\/privacy-cookie-info\/#breadcrumb"},"inLanguage":"it-IT","potentialAction":[{"@type":"ReadAction","target":["https:\/\/vonburencontemporary.com\/it\/privacy-cookie-info\/"]}]},{"@type":"BreadcrumbList","@id":"https:\/\/vonburencontemporary.com\/it\/privacy-cookie-info\/#breadcrumb","itemListElement":[{"@type":"ListItem","position":1,"name":"Home","item":"https:\/\/vonburencontemporary.com\/it\/"},{"@type":"ListItem","position":2,"name":"Privacy &#038; Cookie Info"}]},{"@type":"WebSite","@id":"https:\/\/vonburencontemporary.com\/it\/#website","url":"https:\/\/vonburencontemporary.com\/it\/","name":"Von Buren Contemporary","description":"","publisher":{"@id":"https:\/\/vonburencontemporary.com\/it\/#organization"},"potentialAction":[{"@type":"SearchAction","target":{"@type":"EntryPoint","urlTemplate":"https:\/\/vonburencontemporary.com\/it\/?s={search_term_string}"},"query-input":{"@type":"PropertyValueSpecification","valueRequired":true,"valueName":"search_term_string"}}],"inLanguage":"it-IT"},{"@type":"Organization","@id":"https:\/\/vonburencontemporary.com\/it\/#organization","name":"Von Buren Contemporary","url":"https:\/\/vonburencontemporary.com\/it\/","logo":{"@type":"ImageObject","inLanguage":"it-IT","@id":"https:\/\/vonburencontemporary.com\/it\/#\/schema\/logo\/image\/","url":"https:\/\/vonburencontemporary.com\/wp-content\/uploads\/2022\/03\/VBC-Logo-Colour.png","contentUrl":"https:\/\/vonburencontemporary.com\/wp-content\/uploads\/2022\/03\/VBC-Logo-Colour.png","width":222,"height":216,"caption":"Von Buren Contemporary"},"image":{"@id":"https:\/\/vonburencontemporary.com\/it\/#\/schema\/logo\/image\/"},"sameAs":["https:\/\/www.instagram.com\/vonburen.contemporary\/"]}]}},"jetpack_sharing_enabled":true,"_links":{"self":[{"href":"https:\/\/vonburencontemporary.com\/it\/wp-json\/wp\/v2\/pages\/11693","targetHints":{"allow":["GET"]}}],"collection":[{"href":"https:\/\/vonburencontemporary.com\/it\/wp-json\/wp\/v2\/pages"}],"about":[{"href":"https:\/\/vonburencontemporary.com\/it\/wp-json\/wp\/v2\/types\/page"}],"author":[{"embeddable":true,"href":"https:\/\/vonburencontemporary.com\/it\/wp-json\/wp\/v2\/users\/2"}],"replies":[{"embeddable":true,"href":"https:\/\/vonburencontemporary.com\/it\/wp-json\/wp\/v2\/comments?post=11693"}],"version-history":[{"count":0,"href":"https:\/\/vonburencontemporary.com\/it\/wp-json\/wp\/v2\/pages\/11693\/revisions"}],"wp:attachment":[{"href":"https:\/\/vonburencontemporary.com\/it\/wp-json\/wp\/v2\/media?parent=11693"}],"curies":[{"name":"wp","href":"https:\/\/api.w.org\/{rel}","templated":true}]}}