{"id":10662,"date":"2022-05-18T12:11:50","date_gmt":"2022-05-18T12:11:50","guid":{"rendered":"https:\/\/vbc.wpgmedia.it\/?post_type=product&#038;p=10662"},"modified":"2023-12-14T15:26:17","modified_gmt":"2023-12-14T15:26:17","slug":"misty-sofia-podesta","status":"publish","type":"product","link":"https:\/\/vonburencontemporary.com\/it\/prodotto\/misty-sofia-podesta\/","title":{"rendered":"Podest\u00e0 Sofia, Misty"},"content":{"rendered":"[vc_row type=&#8221;in_container&#8221; full_screen_row_position=&#8221;middle&#8221; column_margin=&#8221;default&#8221; column_direction=&#8221;default&#8221; column_direction_tablet=&#8221;default&#8221; column_direction_phone=&#8221;default&#8221; scene_position=&#8221;center&#8221; text_color=&#8221;dark&#8221; text_align=&#8221;left&#8221; row_border_radius=&#8221;none&#8221; row_border_radius_applies=&#8221;bg&#8221; overflow=&#8221;visible&#8221; overlay_strength=&#8221;0.3&#8243; gradient_direction=&#8221;left_to_right&#8221; shape_divider_position=&#8221;bottom&#8221; bg_image_animation=&#8221;none&#8221;][vc_column column_padding=&#8221;no-extra-padding&#8221; column_padding_tablet=&#8221;inherit&#8221; column_padding_phone=&#8221;inherit&#8221; column_padding_position=&#8221;all&#8221; column_element_spacing=&#8221;default&#8221; background_color_opacity=&#8221;1&#8243; background_hover_color_opacity=&#8221;1&#8243; column_shadow=&#8221;none&#8221; column_border_radius=&#8221;none&#8221; column_link_target=&#8221;_self&#8221; column_position=&#8221;default&#8221; gradient_direction=&#8221;left_to_right&#8221; overlay_strength=&#8221;0.3&#8243; width=&#8221;1\/1&#8243; tablet_width_inherit=&#8221;default&#8221; tablet_text_alignment=&#8221;default&#8221; phone_text_alignment=&#8221;default&#8221; animation_type=&#8221;default&#8221; bg_image_animation=&#8221;none&#8221; border_type=&#8221;simple&#8221; column_border_width=&#8221;none&#8221; column_border_style=&#8221;solid&#8221;][nectar_global_section id=&#8221;10027&#8243;][\/vc_column][\/vc_row]\n","protected":false},"excerpt":{"rendered":"<p>[vc_row type=&#8221;in_container&#8221; full_screen_row_position=&#8221;middle&#8221; column_margin=&#8221;default&#8221; column_direction=&#8221;default&#8221; column_direction_tablet=&#8221;default&#8221; column_direction_phone=&#8221;default&#8221; scene_position=&#8221;center&#8221; text_color=&#8221;dark&#8221; text_align=&#8221;left&#8221; row_border_radius=&#8221;none&#8221; row_border_radius_applies=&#8221;bg&#8221; overflow=&#8221;visible&#8221; overlay_strength=&#8221;0.3&#8243; gradient_direction=&#8221;left_to_right&#8221; shape_divider_position=&#8221;bottom&#8221; bg_image_animation=&#8221;none&#8221;][vc_column column_padding=&#8221;no-extra-padding&#8221; column_padding_tablet=&#8221;inherit&#8221; column_padding_phone=&#8221;inherit&#8221; column_padding_position=&#8221;all&#8221; column_element_spacing=&#8221;default&#8221; background_color_opacity=&#8221;1&#8243; background_hover_color_opacity=&#8221;1&#8243; column_shadow=&#8221;none&#8221; column_border_radius=&#8221;none&#8221; column_link_target=&#8221;_self&#8221; column_position=&#8221;default&#8221; gradient_direction=&#8221;left_to_right&#8221; overlay_strength=&#8221;0.3&#8243; width=&#8221;1\/1&#8243; tablet_width_inherit=&#8221;default&#8221; tablet_text_alignment=&#8221;default&#8221; phone_text_alignment=&#8221;default&#8221; animation_type=&#8221;default&#8221; bg_image_animation=&#8221;none&#8221; border_type=&#8221;simple&#8221; column_border_width=&#8221;none&#8221; column_border_style=&#8221;solid&#8221;][toggles style=&#8221;default&#8221; accordion=&#8221;true&#8221; accordion_starting_functionality=&#8221;default&#8221;][toggle color=&#8221;Extra-Color-2&#8243; heading_tag=&#8221;default&#8221; title=&#8221;Info&#8221;][vc_column_text] 2020<br \/>\nStampa su carta Hahnem\u00fchle\u00a0 con cornice<\/p>\n<p>Edizione di 5 copie[\/vc_column_text][\/toggle][toggle color=&#8221;Extra-Color-2&#8243; heading_tag=&#8221;default&#8221; title=&#8221;Spedizione&#8221;][vc_column_text]La spedizione viene calcolata per ogni ordine, dopo l&#8217;acquisto, in base alle vostre specifiche esigenze e richieste. Una volta elaborato l&#8217;ordine, vi contatteremo per organizzare la Spedizione degli articoli tramite il servizio pi\u00f9 appropriato.[\/vc_column_text][\/toggle][\/toggles][\/vc_column][\/vc_row]<\/p>\n","protected":false},"featured_media":14029,"template":"","meta":[],"product_brand":[],"product_cat":[170,186,187],"product_tag":[188],"class_list":{"0":"post-10662","1":"product","2":"type-product","3":"status-publish","4":"has-post-thumbnail","6":"product_cat-fotografie","7":"product_cat-sofia-podesta-it","8":"product_cat-sofia-podesta-fotografie","9":"product_tag-sofia-podesta-it","11":"first","12":"instock","13":"shipping-taxable","14":"purchasable","15":"product-type-variable"},"yoast_head":"<!-- This site is optimized with the Yoast SEO plugin v27.3 - https:\/\/yoast.com\/product\/yoast-seo-wordpress\/ -->\n<title>Podest\u00e0 Sofia, Misty | Von Buren Contemporary<\/title>\n<meta name=\"description\" content=\"Misty di Sofia Podest\u00e0. Guarda le opere disponibili della fotografa alla galleria Von Buren Contemporary. Dalla mostra Kairos\" \/>\n<meta name=\"robots\" content=\"index, follow, max-snippet:-1, max-image-preview:large, max-video-preview:-1\" \/>\n<link rel=\"canonical\" href=\"https:\/\/vonburencontemporary.com\/it\/prodotto\/misty-sofia-podesta\/\" \/>\n<meta property=\"og:locale\" content=\"it_IT\" \/>\n<meta property=\"og:type\" content=\"article\" \/>\n<meta property=\"og:title\" content=\"Podest\u00e0 Sofia, Misty | Von Buren Contemporary\" \/>\n<meta property=\"og:description\" content=\"Misty di Sofia Podest\u00e0. Guarda le opere disponibili della fotografa alla galleria Von Buren Contemporary. Dalla mostra Kairos\" \/>\n<meta property=\"og:url\" content=\"https:\/\/vonburencontemporary.com\/it\/prodotto\/misty-sofia-podesta\/\" \/>\n<meta property=\"og:site_name\" content=\"Von Buren Contemporary\" \/>\n<meta property=\"article:modified_time\" content=\"2023-12-14T15:26:17+00:00\" \/>\n<meta property=\"og:image\" content=\"https:\/\/vonburencontemporary.com\/wp-content\/uploads\/2022\/05\/Podesta-Sofia_Misty-40x60cm_20180330_154851-copia.jpg\" \/>\n\t<meta property=\"og:image:width\" content=\"1568\" \/>\n\t<meta property=\"og:image:height\" content=\"1568\" \/>\n\t<meta property=\"og:image:type\" content=\"image\/jpeg\" \/>\n<meta name=\"twitter:card\" content=\"summary_large_image\" \/>\n<meta name=\"twitter:label1\" content=\"Tempo di lettura stimato\" \/>\n\t<meta name=\"twitter:data1\" content=\"1 minuto\" \/>\n<script type=\"application\/ld+json\" class=\"yoast-schema-graph\">{\"@context\":\"https:\\\/\\\/schema.org\",\"@graph\":[{\"@type\":\"WebPage\",\"@id\":\"https:\\\/\\\/vonburencontemporary.com\\\/it\\\/prodotto\\\/misty-sofia-podesta\\\/\",\"url\":\"https:\\\/\\\/vonburencontemporary.com\\\/it\\\/prodotto\\\/misty-sofia-podesta\\\/\",\"name\":\"Podest\u00e0 Sofia, Misty | Von Buren Contemporary\",\"isPartOf\":{\"@id\":\"https:\\\/\\\/vonburencontemporary.com\\\/it\\\/#website\"},\"primaryImageOfPage\":{\"@id\":\"https:\\\/\\\/vonburencontemporary.com\\\/it\\\/prodotto\\\/misty-sofia-podesta\\\/#primaryimage\"},\"image\":{\"@id\":\"https:\\\/\\\/vonburencontemporary.com\\\/it\\\/prodotto\\\/misty-sofia-podesta\\\/#primaryimage\"},\"thumbnailUrl\":\"https:\\\/\\\/vonburencontemporary.com\\\/wp-content\\\/uploads\\\/2022\\\/05\\\/Podesta-Sofia_Misty-40x60cm_20180330_154851-copia.jpg\",\"datePublished\":\"2022-05-18T12:11:50+00:00\",\"dateModified\":\"2023-12-14T15:26:17+00:00\",\"description\":\"Misty di Sofia Podest\u00e0. Guarda le opere disponibili della fotografa alla galleria Von Buren Contemporary. Dalla mostra Kairos\",\"breadcrumb\":{\"@id\":\"https:\\\/\\\/vonburencontemporary.com\\\/it\\\/prodotto\\\/misty-sofia-podesta\\\/#breadcrumb\"},\"inLanguage\":\"it-IT\",\"potentialAction\":[{\"@type\":\"ReadAction\",\"target\":[\"https:\\\/\\\/vonburencontemporary.com\\\/it\\\/prodotto\\\/misty-sofia-podesta\\\/\"]}]},{\"@type\":\"ImageObject\",\"inLanguage\":\"it-IT\",\"@id\":\"https:\\\/\\\/vonburencontemporary.com\\\/it\\\/prodotto\\\/misty-sofia-podesta\\\/#primaryimage\",\"url\":\"https:\\\/\\\/vonburencontemporary.com\\\/wp-content\\\/uploads\\\/2022\\\/05\\\/Podesta-Sofia_Misty-40x60cm_20180330_154851-copia.jpg\",\"contentUrl\":\"https:\\\/\\\/vonburencontemporary.com\\\/wp-content\\\/uploads\\\/2022\\\/05\\\/Podesta-Sofia_Misty-40x60cm_20180330_154851-copia.jpg\",\"width\":1568,\"height\":1568,\"caption\":\"podest\u00e0 sofia, sofia podest\u00e0, sofia podest\u00e0 fotografa, sofia podest\u00e0 photography, italian contemporary photographers, luigi ghirri\"},{\"@type\":\"BreadcrumbList\",\"@id\":\"https:\\\/\\\/vonburencontemporary.com\\\/it\\\/prodotto\\\/misty-sofia-podesta\\\/#breadcrumb\",\"itemListElement\":[{\"@type\":\"ListItem\",\"position\":1,\"name\":\"Home\",\"item\":\"https:\\\/\\\/vonburencontemporary.com\\\/it\\\/\"},{\"@type\":\"ListItem\",\"position\":2,\"name\":\"Shop\",\"item\":\"https:\\\/\\\/vonburencontemporary.com\\\/it\\\/shop\\\/\"},{\"@type\":\"ListItem\",\"position\":3,\"name\":\"Podest\u00e0 Sofia, Misty\"}]},{\"@type\":\"WebSite\",\"@id\":\"https:\\\/\\\/vonburencontemporary.com\\\/it\\\/#website\",\"url\":\"https:\\\/\\\/vonburencontemporary.com\\\/it\\\/\",\"name\":\"Von Buren Contemporary\",\"description\":\"\",\"publisher\":{\"@id\":\"https:\\\/\\\/vonburencontemporary.com\\\/it\\\/#organization\"},\"potentialAction\":[{\"@type\":\"SearchAction\",\"target\":{\"@type\":\"EntryPoint\",\"urlTemplate\":\"https:\\\/\\\/vonburencontemporary.com\\\/it\\\/?s={search_term_string}\"},\"query-input\":{\"@type\":\"PropertyValueSpecification\",\"valueRequired\":true,\"valueName\":\"search_term_string\"}}],\"inLanguage\":\"it-IT\"},{\"@type\":\"Organization\",\"@id\":\"https:\\\/\\\/vonburencontemporary.com\\\/it\\\/#organization\",\"name\":\"Von Buren Contemporary\",\"url\":\"https:\\\/\\\/vonburencontemporary.com\\\/it\\\/\",\"logo\":{\"@type\":\"ImageObject\",\"inLanguage\":\"it-IT\",\"@id\":\"https:\\\/\\\/vonburencontemporary.com\\\/it\\\/#\\\/schema\\\/logo\\\/image\\\/\",\"url\":\"https:\\\/\\\/vonburencontemporary.com\\\/wp-content\\\/uploads\\\/2022\\\/03\\\/VBC-Logo-Colour.png\",\"contentUrl\":\"https:\\\/\\\/vonburencontemporary.com\\\/wp-content\\\/uploads\\\/2022\\\/03\\\/VBC-Logo-Colour.png\",\"width\":222,\"height\":216,\"caption\":\"Von Buren Contemporary\"},\"image\":{\"@id\":\"https:\\\/\\\/vonburencontemporary.com\\\/it\\\/#\\\/schema\\\/logo\\\/image\\\/\"},\"sameAs\":[\"https:\\\/\\\/www.instagram.com\\\/vonburen.contemporary\\\/\"]}]}<\/script>\n<!-- \/ Yoast SEO plugin. -->","yoast_head_json":{"title":"Podest\u00e0 Sofia, Misty | Von Buren Contemporary","description":"Misty di Sofia Podest\u00e0. Guarda le opere disponibili della fotografa alla galleria Von Buren Contemporary. Dalla mostra Kairos","robots":{"index":"index","follow":"follow","max-snippet":"max-snippet:-1","max-image-preview":"max-image-preview:large","max-video-preview":"max-video-preview:-1"},"canonical":"https:\/\/vonburencontemporary.com\/it\/prodotto\/misty-sofia-podesta\/","og_locale":"it_IT","og_type":"article","og_title":"Podest\u00e0 Sofia, Misty | Von Buren Contemporary","og_description":"Misty di Sofia Podest\u00e0. Guarda le opere disponibili della fotografa alla galleria Von Buren Contemporary. Dalla mostra Kairos","og_url":"https:\/\/vonburencontemporary.com\/it\/prodotto\/misty-sofia-podesta\/","og_site_name":"Von Buren Contemporary","article_modified_time":"2023-12-14T15:26:17+00:00","og_image":[{"width":1568,"height":1568,"url":"https:\/\/vonburencontemporary.com\/wp-content\/uploads\/2022\/05\/Podesta-Sofia_Misty-40x60cm_20180330_154851-copia.jpg","type":"image\/jpeg"}],"twitter_card":"summary_large_image","twitter_misc":{"Tempo di lettura stimato":"1 minuto"},"schema":{"@context":"https:\/\/schema.org","@graph":[{"@type":"WebPage","@id":"https:\/\/vonburencontemporary.com\/it\/prodotto\/misty-sofia-podesta\/","url":"https:\/\/vonburencontemporary.com\/it\/prodotto\/misty-sofia-podesta\/","name":"Podest\u00e0 Sofia, Misty | Von Buren Contemporary","isPartOf":{"@id":"https:\/\/vonburencontemporary.com\/it\/#website"},"primaryImageOfPage":{"@id":"https:\/\/vonburencontemporary.com\/it\/prodotto\/misty-sofia-podesta\/#primaryimage"},"image":{"@id":"https:\/\/vonburencontemporary.com\/it\/prodotto\/misty-sofia-podesta\/#primaryimage"},"thumbnailUrl":"https:\/\/vonburencontemporary.com\/wp-content\/uploads\/2022\/05\/Podesta-Sofia_Misty-40x60cm_20180330_154851-copia.jpg","datePublished":"2022-05-18T12:11:50+00:00","dateModified":"2023-12-14T15:26:17+00:00","description":"Misty di Sofia Podest\u00e0. Guarda le opere disponibili della fotografa alla galleria Von Buren Contemporary. Dalla mostra Kairos","breadcrumb":{"@id":"https:\/\/vonburencontemporary.com\/it\/prodotto\/misty-sofia-podesta\/#breadcrumb"},"inLanguage":"it-IT","potentialAction":[{"@type":"ReadAction","target":["https:\/\/vonburencontemporary.com\/it\/prodotto\/misty-sofia-podesta\/"]}]},{"@type":"ImageObject","inLanguage":"it-IT","@id":"https:\/\/vonburencontemporary.com\/it\/prodotto\/misty-sofia-podesta\/#primaryimage","url":"https:\/\/vonburencontemporary.com\/wp-content\/uploads\/2022\/05\/Podesta-Sofia_Misty-40x60cm_20180330_154851-copia.jpg","contentUrl":"https:\/\/vonburencontemporary.com\/wp-content\/uploads\/2022\/05\/Podesta-Sofia_Misty-40x60cm_20180330_154851-copia.jpg","width":1568,"height":1568,"caption":"podest\u00e0 sofia, sofia podest\u00e0, sofia podest\u00e0 fotografa, sofia podest\u00e0 photography, italian contemporary photographers, luigi ghirri"},{"@type":"BreadcrumbList","@id":"https:\/\/vonburencontemporary.com\/it\/prodotto\/misty-sofia-podesta\/#breadcrumb","itemListElement":[{"@type":"ListItem","position":1,"name":"Home","item":"https:\/\/vonburencontemporary.com\/it\/"},{"@type":"ListItem","position":2,"name":"Shop","item":"https:\/\/vonburencontemporary.com\/it\/shop\/"},{"@type":"ListItem","position":3,"name":"Podest\u00e0 Sofia, Misty"}]},{"@type":"WebSite","@id":"https:\/\/vonburencontemporary.com\/it\/#website","url":"https:\/\/vonburencontemporary.com\/it\/","name":"Von Buren Contemporary","description":"","publisher":{"@id":"https:\/\/vonburencontemporary.com\/it\/#organization"},"potentialAction":[{"@type":"SearchAction","target":{"@type":"EntryPoint","urlTemplate":"https:\/\/vonburencontemporary.com\/it\/?s={search_term_string}"},"query-input":{"@type":"PropertyValueSpecification","valueRequired":true,"valueName":"search_term_string"}}],"inLanguage":"it-IT"},{"@type":"Organization","@id":"https:\/\/vonburencontemporary.com\/it\/#organization","name":"Von Buren Contemporary","url":"https:\/\/vonburencontemporary.com\/it\/","logo":{"@type":"ImageObject","inLanguage":"it-IT","@id":"https:\/\/vonburencontemporary.com\/it\/#\/schema\/logo\/image\/","url":"https:\/\/vonburencontemporary.com\/wp-content\/uploads\/2022\/03\/VBC-Logo-Colour.png","contentUrl":"https:\/\/vonburencontemporary.com\/wp-content\/uploads\/2022\/03\/VBC-Logo-Colour.png","width":222,"height":216,"caption":"Von Buren Contemporary"},"image":{"@id":"https:\/\/vonburencontemporary.com\/it\/#\/schema\/logo\/image\/"},"sameAs":["https:\/\/www.instagram.com\/vonburen.contemporary\/"]}]}},"jetpack_sharing_enabled":true,"_links":{"self":[{"href":"https:\/\/vonburencontemporary.com\/it\/wp-json\/wp\/v2\/product\/10662","targetHints":{"allow":["GET"]}}],"collection":[{"href":"https:\/\/vonburencontemporary.com\/it\/wp-json\/wp\/v2\/product"}],"about":[{"href":"https:\/\/vonburencontemporary.com\/it\/wp-json\/wp\/v2\/types\/product"}],"wp:featuredmedia":[{"embeddable":true,"href":"https:\/\/vonburencontemporary.com\/it\/wp-json\/wp\/v2\/media\/14029"}],"wp:attachment":[{"href":"https:\/\/vonburencontemporary.com\/it\/wp-json\/wp\/v2\/media?parent=10662"}],"wp:term":[{"taxonomy":"product_brand","embeddable":true,"href":"https:\/\/vonburencontemporary.com\/it\/wp-json\/wp\/v2\/product_brand?post=10662"},{"taxonomy":"product_cat","embeddable":true,"href":"https:\/\/vonburencontemporary.com\/it\/wp-json\/wp\/v2\/product_cat?post=10662"},{"taxonomy":"product_tag","embeddable":true,"href":"https:\/\/vonburencontemporary.com\/it\/wp-json\/wp\/v2\/product_tag?post=10662"}],"curies":[{"name":"wp","href":"https:\/\/api.w.org\/{rel}","templated":true}]}}